{"id":1433,"date":"2012-06-28T19:25:55","date_gmt":"2012-06-28T19:25:55","guid":{"rendered":"http:\/\/globitrotter.com\/blog\/?page_id=1433"},"modified":"2012-06-28T19:47:05","modified_gmt":"2012-06-28T19:47:05","slug":"uber","status":"publish","type":"page","link":"http:\/\/globitrotter.com\/blog\/index.php\/uber\/?lang=de","title":{"rendered":"\u00dcber"},"content":{"rendered":"<p>Mein Name ist Angela Beyerl und ich bin eine schwedische\u00a0Ingenieurin und bin\u00a0Reise-S\u00fcchtig. Seit mehr als zehn Jahren arbeite ich in der Halbleiterindustrie. Mit meiner Arbeit hatte ich sehr oft die M\u00f6glichkeit zu reisen. Ich habe auch sehr viele kurze und lange Reisen in meiner Freizeit gemacht.<\/p>\n<p>Jetzt habe ich mich entschieden eine Pause von der Arbeit zu machen um mindestens ein Jahr zu reisen. Mein Freund, Andy, und ich werden in verschiedenen L\u00e4nder reisen, wandern und klettern. Diese Art von Reise war schon immer ein Traum von mir und ich h\u00e4tte nicht gedacht, dass dieser Traum wahr wird. Allerdings war jetzt der richtige Zeitpunkt daf\u00fcr. Deshalb hab ich meinen Job gek\u00fcndigt. Dieses Mal gibt es keine Grenzen . wir k\u00f6nnen nun \u00fcberall und so lange wir wollen reisen gehen.<\/p>\n","protected":false},"excerpt":{"rendered":"<p>Mein Name ist Angela Beyerl und ich bin eine schwedische\u00a0Ingenieurin und bin\u00a0Reise-S\u00fcchtig. Seit mehr als zehn Jahren arbeite ich in der Halbleiterindustrie. Mit meiner Arbeit hatte ich sehr oft die M\u00f6glichkeit zu reisen. Ich habe auch sehr viele kurze und lange Reisen in meiner Freizeit gemacht. Jetzt habe ich mich entschieden eine Pause von der &hellip; <a href=\"http:\/\/globitrotter.com\/blog\/index.php\/uber\/?lang=de\" class=\"more-link\">Continue reading<span class=\"screen-reader-text\"> &#8220;\u00dcber&#8221;<\/span><\/a><\/p>\n","protected":false},"author":3,"featured_media":0,"parent":0,"menu_order":0,"comment_status":"open","ping_status":"open","template":"","meta":{"footnotes":""},"class_list":["post-1433","page","type-page","status-publish","hentry"],"_links":{"self":[{"href":"http:\/\/globitrotter.com\/blog\/index.php\/wp-json\/wp\/v2\/pages\/1433","targetHints":{"allow":["GET"]}}],"collection":[{"href":"http:\/\/globitrotter.com\/blog\/index.php\/wp-json\/wp\/v2\/pages"}],"about":[{"href":"http:\/\/globitrotter.com\/blog\/index.php\/wp-json\/wp\/v2\/types\/page"}],"author":[{"embeddable":true,"href":"http:\/\/globitrotter.com\/blog\/index.php\/wp-json\/wp\/v2\/users\/3"}],"replies":[{"embeddable":true,"href":"http:\/\/globitrotter.com\/blog\/index.php\/wp-json\/wp\/v2\/comments?post=1433"}],"version-history":[{"count":6,"href":"http:\/\/globitrotter.com\/blog\/index.php\/wp-json\/wp\/v2\/pages\/1433\/revisions"}],"predecessor-version":[{"id":1436,"href":"http:\/\/globitrotter.com\/blog\/index.php\/wp-json\/wp\/v2\/pages\/1433\/revisions\/1436"}],"wp:attachment":[{"href":"http:\/\/globitrotter.com\/blog\/index.php\/wp-json\/wp\/v2\/media?parent=1433"}],"curies":[{"name":"wp","href":"https:\/\/api.w.org\/{rel}","templated":true}]}}